{"id":3,"date":"2022-09-07T10:37:13","date_gmt":"2022-09-07T07:37:13","guid":{"rendered":"https:\/\/helpandcare.ro\/?page_id=3"},"modified":"2022-10-20T11:52:53","modified_gmt":"2022-10-20T08:52:53","slug":"privacy-policy","status":"publish","type":"page","link":"https:\/\/helpandcare.ro\/en\/politica-de-confidentialitate\/","title":{"rendered":"privacy policy"},"content":{"rendered":"<div>\n<p>Asocia\u021bia Help&#038;Care, organiza\u0163ie neguvernamental\u0103, nonprofit \u015fi apolitic\u0103, cu sediul \u00een Oradea, Gen. Gheorghe Magheru nr.5, \u00eenregistrat\u0103 \u00een Registrul Asocia\u021biilor \u0219i Funda\u021biilor cu nr. 4\/N\/2013, cod fiscal 31511820, \u00een\u021belege s\u0103 \u00ee\u0219i actualizeze politica de prelucrare a datelor cu caracter personal \u00een vederea respect\u0103rii noilor reguli introduse prin Regulamentul General de Protec\u021bia datelor, nr. 679 din 27 aprilie 2016, aplicabil \u00een Uniunea European\u0103 (GDPR) pentru protec\u0163ia persoanelor cu privire la prelucrarea datelor cu caracter personal \u015fi libera circula\u0163ie a acestor date.<\/p>\n<div>\n<p>Prin aceasta Politic\u0103 \u00ee\u021bi aducem la cuno\u0219tin\u021b\u0103:<\/p>\n<ul>\n<li>Anumite concepte importante referitoare la datele cu caracter personal;<\/li>\n<li>Ce date personale prelucr\u0103m;<\/li>\n<li>\u00cen ce scop folosim aceste date;<\/li>\n<li>Cui putem transmite datele;<\/li>\n<li>Ce drepturi ai \u00een ceea ce prive\u0219te datele.<\/li>\n<\/ul>\n<p><strong>Ce sunt datele cu caracter personal?<\/strong><br \/>Date cu caracter personal i\u0302nseamna\u0306 orice informat\u0326ie sau informat\u0326ii care te identific\u0103 sau te pot identifica direct sau indirect. Aceasta i\u0302nseamna\u0306 ca\u0306 datele personale includ informa\u021bii precum: nume, prenume, num\u0103r de identificare, adresa de e-mail, domiciliul, telefonul mobil, numele de utilizator, fotografiile de profil, date de localizare, etc.<\/p>\n<p><strong>Ce \u00eenseamn\u0103 prelucrarea datelor cu caracter personal?<\/strong><br \/>Prelucrarea \u00eenseamn\u0103 orice opera\u021biune sau set de opera\u021biuni efectuate asupra datelor cu caracter personal sau asupra seturilor de date cu caracter personal, cu sau f\u0103r\u0103 utilizarea de mijloace automatizate, cum ar fi colectarea, \u00eenregistrarea, organizarea, structurarea, stocarea, adaptarea sau modificarea, extragerea, consultarea, utilizarea, divulgarea prin transmitere, diseminarea sau punerea la dispozi\u021bie \u00een orice alt mod, alinierea sau combinarea, restric\u021bionarea, \u0219tergerea sau distrugerea.<\/p>\n<p><strong>Ce date cu caracter personal prelucr\u0103m?<\/strong><br \/>Categoriile de date personale pe care Asocia\u021bia Help&#038;Care le prelucreaz\u0103 sunt:<\/p>\n<ul>\n<li>Informa\u021bii de identificare \u0219i contact;<\/li>\n<li>Date cu privire la istoricul colabor\u0103rii cu persoanele vizate;<\/li>\n<li>Fotografii \u0219i materiale video.<\/li>\n<\/ul>\n<p>Toate datele tale personale sunt stocate \u00een \u2013 Datele pe care le colect\u0103m \u00een leg\u0103tur\u0103 cu grantee \u0219i sponsorii no\u0219tri sunt arhivate \u00een dulapuri \u00eenchise la care are acces doar echipa executiv\u0103; toate datele \u00een format electronic sunt stocate pe dispozitive externe parolate. Accesul la datele personale se face prin user \u0219i parol\u0103, doar de c\u0103tre angaja\u021bii funda\u021biei pe perioada \u00een care \u00eendeplinesc aceast\u0103 calitate. \u00cen baza contractului de munc\u0103 angaja\u021bii \u00ee\u0219i asum\u0103 individual confiden\u021bialitatea \u0219i protec\u021bia datelor cu care intr\u0103 \u00een contact pe parcursul activit\u0103\u021bii.<\/p>\n<p><strong>\u00cen ce scop prelucr\u0103m datele?<\/strong><br \/>Datele tale cu caracter personal sunt prelucrate de c\u0103tre Asocia\u021bia Help&#038;Care \u00een urm\u0103toarele scopuri:<\/p>\n<ul>\n<li>Transmiterea informa\u021biilor cu privire la programul, fondul sau evenimentul sus\u021binut \u00een cadrul Asocia\u021bia Help&Care;<\/li>\n<li>Comunicarea noilor programe derulate de Asocia\u021bia Help&#038;Care \u00een Oradea, care pot fi de interes pentru persoanele vizate;<\/li>\n<li>Promovarea activit\u0103\u021bilor derulate \u00een cadrul programelor finan\u021bate de Asocia\u021bia Help&Care;<\/li>\n<li>\u00cendeplinirea obliga\u021biilor de plat\u0103 a dona\u021biior \u0219i sponsoriz\u0103rilor;<\/li>\n<li>Felicitarea donatorilor pentru ziua de na\u0219tere.<\/li>\n<\/ul>\n<p><strong>Prelucrarea datelor<\/strong><span>\u00a0<\/span>se realizeaz\u0103 \u00een baza consim\u021b\u0103m\u00e2ntului t\u0103u exprimat \u00een mod expres, prin semnarea contractelor de dona\u021bie \u0219i sponsorizare, prin completarea formularelor de sus\u021binere a proiectelor \u00eenscrise la evenimentele derulate de Asocia\u021bia Help&#038;Care, prin acceptarea politicii privind prelucrarea datelor cu caracter personal de pe site-urile Asocia\u021biei Help&#038;Care. \u00cen alte situa\u021bii, prelucrarea datelor cu caracter personal se realizeaz\u0103 \u00een conformitate cu legisla\u021bia \u00een vigoare \u00een materie civil\u0103, fiscal\u0103, administrativ\u0103 etc.<\/p>\n<p><strong>Durata prelucr\u0103rii datelor cu caracter personal<\/strong><br \/>Datele necesare prelucr\u0103rii vor fi p\u0103strate pentru o perioad\u0103 de maximum 5 ani \u00een func\u021bie de categoria de date cu caracter personal prelucrat\u0103. Acestea pot fi \u0219terse la cerere pe parcursul acestei perioade, dac\u0103 este cazul.<\/p>\n<p><strong>Transferul datelor cu caracter personal<\/strong><\/p>\n<p>Asocia\u021bia Help&#038;Care prelucreaz\u0103 datele tale cu caracter personal exclusiv pe teritoriul Rom\u00e2niei.<br \/>Responsabilitatea ter\u021bilor pentru securitatea \u0219i prelucrarea datelor tale personale<br \/>Funda\u021bia Comunitar\u0103 Oradea depune toate eforturile necesare transmiterii \u00een siguran\u021b\u0103 a datelor tale c\u0103tre ter\u021be persoane, \u00eens\u0103 nu \u00ee\u0219i asum\u0103 responsabilitatea pentru modalitatea de prelucrare \u0219i securizare a datelor de c\u0103tre ace\u0219tia. \u00cen situa\u021bia compromiterii acestora ca urmare a unei bre\u0219e de securitate, te vom notifica imediat \u00een conformitate cu procedurile de notificare cerute de lega aplicabil\u0103.<br \/>Procedurile noastre cu privire la protec\u021bia datelor cu caracter personal, m\u0103surile organizatorice \u0219i tehnice, sunt structurate \u00een scopul de a asigura confiden\u021bialitatea \u0219i securitatea datelor cu caracter personal \u0219i a tuturor informa\u021biilor aflate \u00een grija noastr\u0103. Ne angaj\u0103m s\u0103 verific\u0103m periodic caracterul adecvat al m\u0103surilor implementate.<\/p>\n<p><strong>Care sunt drepturile persoanei vizate?<\/strong><br \/>\u00cen baza GDPR \u0219i a legisla\u021biei conexe privind protec\u021bia datelor, beneficiezi de urm\u0103toarele drepturi:<\/p>\n<p>\u2022<span>\u00a0<\/span><strong>Dreptul de acces<\/strong><span>\u00a0<\/span>\u2013 \u00eenseamn\u0103 c\u0103 ai dreptul de a ob\u021bine o confirmare din partea noastr\u0103 c\u0103 \u00ee\u021bi prelucr\u0103m sau nu datele cu caracter personal, \u0219i \u00een caz afirmativ acces la datele respective \u0219i la informa\u021bii privind modul\/modalitatea \u00een care ele sunt prelucrate.<br \/>\u2022<span>\u00a0<\/span><strong>Dreptul la portabilitatea datelor<\/strong><span>\u00a0<\/span>\u2013 po\u021bi primi datele tale \u00eentr-un format structurat, utilizat \u00een mod curent \u0219i dreptul ca acestea s\u0103 fie transmise direct altui operator, dac\u0103 acest lucru este fezabil din punct de vedere tehnic.<br \/>\u2022<span>\u00a0<\/span><strong>Dreptul la opozi\u021bie<\/strong><span>\u00a0<\/span>\u2013 te po\u021bi opune prelucr\u0103rii datelor personale atunci c\u00e2nd prelucrarea este necesar\u0103 pentru \u00eendeplinirea unei sarcini care serve\u0219te unui interes public sau c\u00e2nd are \u00een vedere un interes legitim al operatorului.<br \/>\u2022<span>\u00a0<\/span><strong>Dreptul la rectificare<\/strong><span>\u00a0<\/span>\u2013 oric\u00e2nd ne po\u021bi solicita s\u0103 corect\u0103m, f\u0103r\u0103 \u00eent\u00e2rzieri nejustificate, datele cu caracter personal inexacte. Rectificarea va fi comunicat\u0103 fiec\u0103rui destinatar la care au fost transmise datele, cu excep\u021bia cazului \u00een care acest lucru se dovede\u0219te imposibil sau presupune eforturi dispropor\u021bionate<br \/>\u2022<span>\u00a0<\/span><strong>Dreptul la \u0219tergerea datelor<\/strong><span>\u00a0<\/span>\u2013 dreptul de a ne solicita, f\u0103r\u0103 \u00eent\u00e2rzieri nejustificate, s\u0103 \u00ee\u021bi fie \u0219terse datele cu caracter personal \u00een cazul \u00een care acestea nu mai sunt necesare pentru \u00eendeplinirea scopurilor pentru care au fost colectate sau prelucrate de c\u0103tre noi sau \u00ee\u021bi retragi consim\u021b\u0103m\u00e2ntul \u0219i nu exist\u0103 niciun alt temei juridic pentru prelucrare. De asemenea, oric\u00e2nd, te po\u021bi opune prelucr\u0103rii dac\u0103 nu exist\u0103 motive legitime care s\u0103 prevaleze sau datele tale cu caracter personal au fost prelucrate cu nerespectarea legii sau acestea trebuie \u0219terse pentru respectarea unei obliga\u021bii legale care ne revine.<br \/>\u2022<span>\u00a0<\/span><strong>Dreptul la restric\u021bionarea prelucr\u0103rii<\/strong><span>\u00a0<\/span>\u2013 posibilitatea de a ob\u021bine restric\u021bionarea prelucr\u0103rii \u00een oricare dintre urm\u0103toarele situa\u021bii expres prev\u0103zute:<br \/>\u00a0 \u00a0 \u00a0o exactitatea datelor pe care noi le prelucr\u0103m este contestat\u0103;<br \/>\u00a0 \u00a0 \u00a0o prelucrarea datelor de c\u0103tre noi este ilegal\u0103 \u0219i solici\u021bi restric\u021bionarea utiliz\u0103rii lor de c\u0103tre noi;<br \/>\u00a0 \u00a0 \u00a0o \u00een cazul \u00een care solici\u021bi datele pentru constatarea, exercitarea sau ap\u0103rarea unui drept \u00een instan\u021b\u0103. Restric\u021bionarea prelucr\u0103rii se aplic\u0103 pentru intervalul de timp \u00een care verific\u0103m dac\u0103 drepturile noastre legitime prevaleaz\u0103 asupra drepturilor tale.<\/p>\n<p>Pentru orice clarific\u0103ri, sugestii \u0219i interven\u021bii pe datele personale ne po\u021bi contacta la adresa de e-mail:<span>\u00a0<\/span><span id=\"cloak78ff7df49869a08444e59e319923ab6a\"><a href=\"mailto:office@helpandcare.ro \">office@helpandcare.ro <\/a><\/span><\/p>\n<\/div>\n<\/div>\n<p><!--more--><br \/>\n<!-- {\"name\":\"Terms of Service\",\"type\":\"layout\",\"children\":[{\"name\":\"Hero\",\"type\":\"section\",\"props\":{\"style\":\"primary\",\"width\":\"default\",\"vertical_align\":\"\",\"title_position\":\"top-left\",\"title_rotation\":\"left\",\"title_breakpoint\":\"xl\",\"image_position\":\"center-center\",\"padding_remove_top\":false,\"image\":\"wp-content\\\/uploads\\\/2022\\\/09\\\/terms-and-conditions-1.jpg\",\"image_loading\":false,\"image_size\":\"cover\",\"image_width\":\"1920\",\"overlap\":false},\"children\":[{\"name\":\"\",\"type\":\"row\",\"children\":[{\"name\":\"\",\"type\":\"column\",\"props\":{\"image_position\":\"center-center\",\"width_medium\":\"1-1\",\"media_overlay_gradient\":\"\",\"position_sticky_breakpoint\":\"m\"},\"children\":[]}]}]},{\"name\":\"Terms\",\"type\":\"section\",\"props\":{\"style\":\"default\",\"width\":\"small\",\"vertical_align\":\"\",\"title_position\":\"top-left\",\"title_rotation\":\"left\",\"title_breakpoint\":\"xl\",\"image_position\":\"center-center\"},\"children\":[{\"name\":\"\",\"type\":\"row\",\"children\":[{\"name\":\"\",\"type\":\"column\",\"props\":{\"image_position\":\"center-center\",\"width_medium\":\"1-1\",\"media_overlay_gradient\":\"\",\"position_sticky_breakpoint\":\"m\"},\"children\":[{\"name\":\"\",\"type\":\"headline\",\"props\":{\"title_element\":\"div\",\"title_style\":\"h5\",\"title_color\":\"muted\",\"margin_remove_top\":false,\"margin_remove_bottom\":true},\"source\":{\"query\":{\"name\":\"pages.singlePage\"},\"props\":{\"content\":{\"filters\":{\"search\":\"\",\"date\":\"\",\"before\":\"Ultima actualizare: \"},\"name\":\"modified\"}}}},{\"name\":\"\",\"type\":\"headline\",\"props\":{\"title_element\":\"h1\",\"title_style\":\"heading-medium\",\"margin_remove_bottom\":false,\"margin_remove_top\":true},\"source\":{\"query\":{\"name\":\"pages.singlePage\"},\"props\":{\"content\":{\"filters\":{\"search\":\"\"},\"name\":\"title\"}}}}]}]},{\"name\":\"\",\"type\":\"row\",\"props\":{\"margin\":\"large\"},\"children\":[{\"name\":\"\",\"type\":\"column\",\"props\":{\"image_position\":\"center-center\",\"width_medium\":\"1-1\",\"media_overlay_gradient\":\"\",\"position_sticky_breakpoint\":\"m\"},\"children\":[{\"type\":\"text\",\"props\":{\"margin\":\"default\",\"column_breakpoint\":\"m\",\"content\":\"\n\n<p>Asocia\\u021bia Help&Care, organiza\\u0163ie neguvernamental\\u0103, nonprofit \\u015fi apolitic\\u0103, cu sediul \\u00een Oradea, Gen. Gheorghe Magheru nr.5, \\u00eenregistrat\\u0103 \\u00een Registrul Asocia\\u021biilor \\u0219i Funda\\u021biilor cu nr. 4\\\/N\\\/2013, cod fiscal 31511820, \\u00een\\u021belege s\\u0103 \\u00ee\\u0219i actualizeze politica de prelucrare a datelor cu caracter personal \\u00een vederea respect\\u0103rii noilor reguli introduse prin Regulamentul General de Protec\\u021bia datelor, nr. 679 din 27 aprilie 2016, aplicabil \\u00een Uniunea European\\u0103 (GDPR) pentru protec\\u0163ia persoanelor cu privire la prelucrarea datelor cu caracter personal \\u015fi libera circula\\u0163ie a acestor date.<\\\/p>\\n\n\n<div>\\n\n\n<p>Prin aceasta Politic\\u0103 \\u00ee\\u021bi aducem la cuno\\u0219tin\\u021b\\u0103:<\\\/p>\\n\n\n<ul>\\n\n\n<li>Anumite concepte importante referitoare la datele cu caracter personal;<\\\/li>\\n\n\n<li>Ce date personale prelucr\\u0103m;<\\\/li>\\n\n\n<li>\\u00cen ce scop folosim aceste date;<\\\/li>\\n\n\n<li>Cui putem transmite datele;<\\\/li>\\n\n\n<li>Ce drepturi ai \\u00een ceea ce prive\\u0219te datele.<\\\/li>\\n<\\\/ul>\\n\n\n<p><strong>Ce sunt datele cu caracter personal?<\\\/strong><br \\\/>Date cu caracter personal i\\u0302nseamna\\u0306 orice informat\\u0326ie sau informat\\u0326ii care te identific\\u0103 sau te pot identifica direct sau indirect. Aceasta i\\u0302nseamna\\u0306 ca\\u0306 datele personale includ informa\\u021bii precum: nume, prenume, num\\u0103r de identificare, adresa de e-mail, domiciliul, telefonul mobil, numele de utilizator, fotografiile de profil, date de localizare, etc.<\\\/p>\\n\n\n<p><strong>Ce \\u00eenseamn\\u0103 prelucrarea datelor cu caracter personal?<\\\/strong><br \\\/>Prelucrarea \\u00eenseamn\\u0103 orice opera\\u021biune sau set de opera\\u021biuni efectuate asupra datelor cu caracter personal sau asupra seturilor de date cu caracter personal, cu sau f\\u0103r\\u0103 utilizarea de mijloace automatizate, cum ar fi colectarea, \\u00eenregistrarea, organizarea, structurarea, stocarea, adaptarea sau modificarea, extragerea, consultarea, utilizarea, divulgarea prin transmitere, diseminarea sau punerea la dispozi\\u021bie \\u00een orice alt mod, alinierea sau combinarea, restric\\u021bionarea, \\u0219tergerea sau distrugerea.<\\\/p>\\n\n\n<p><strong>Ce date cu caracter personal prelucr\\u0103m?<\\\/strong><br \\\/>Categoriile de date personale pe care Asocia\\u021bia Help&Care le prelucreaz\\u0103 sunt:<\\\/p>\\n\n\n<ul>\\n\n\n<li>Informa\\u021bii de identificare \\u0219i contact;<\\\/li>\\n\n\n<li>Date cu privire la istoricul colabor\\u0103rii cu persoanele vizate;<\\\/li>\\n\n\n<li>Fotografii \\u0219i materiale video.<\\\/li>\\n<\\\/ul>\\n\n\n<p>Toate datele tale personale sunt stocate \\u00een \\u2013 Datele pe care le colect\\u0103m \\u00een leg\\u0103tur\\u0103 cu grantee \\u0219i sponsorii no\\u0219tri sunt arhivate \\u00een dulapuri \\u00eenchise la care are acces doar echipa executiv\\u0103; toate datele \\u00een format electronic sunt stocate pe dispozitive externe parolate. Accesul la datele personale se face prin user \\u0219i parol\\u0103, doar de c\\u0103tre angaja\\u021bii funda\\u021biei pe perioada \\u00een care \\u00eendeplinesc aceast\\u0103 calitate. \\u00cen baza contractului de munc\\u0103 angaja\\u021bii \\u00ee\\u0219i asum\\u0103 individual confiden\\u021bialitatea \\u0219i protec\\u021bia datelor cu care intr\\u0103 \\u00een contact pe parcursul activit\\u0103\\u021bii.<\\\/p>\\n\n\n<p><strong>\\u00cen ce scop prelucr\\u0103m datele?<\\\/strong><br \\\/>Datele tale cu caracter personal sunt prelucrate de c\\u0103tre Asocia\\u021bia Help&Care \\u00een urm\\u0103toarele scopuri:<\\\/p>\\n\n\n<ul>\\n\n\n<li>Transmiterea informa\\u021biilor cu privire la programul, fondul sau evenimentul sus\\u021binut \\u00een cadrul Asocia\\u021bia Help&Care;<\\\/li>\\n\n\n<li>Comunicarea noilor programe derulate de Asocia\\u021bia Help&Care \\u00een Oradea, care pot fi de interes pentru persoanele vizate;<\\\/li>\\n\n\n<li>Promovarea activit\\u0103\\u021bilor derulate \\u00een cadrul programelor finan\\u021bate de Asocia\\u021bia Help&Care;<\\\/li>\\n\n\n<li>\\u00cendeplinirea obliga\\u021biilor de plat\\u0103 a dona\\u021biior \\u0219i sponsoriz\\u0103rilor;<\\\/li>\\n\n\n<li>Felicitarea donatorilor pentru ziua de na\\u0219tere.<\\\/li>\\n<\\\/ul>\\n\n\n<p><strong>Prelucrarea datelor<\\\/strong><span>\\u00a0<\\\/span>se realizeaz\\u0103 \\u00een baza consim\\u021b\\u0103m\\u00e2ntului t\\u0103u exprimat \\u00een mod expres, prin semnarea contractelor de dona\\u021bie \\u0219i sponsorizare, prin completarea formularelor de sus\\u021binere a proiectelor \\u00eenscrise la evenimentele derulate de Asocia\\u021bia Help&Care, prin acceptarea politicii privind prelucrarea datelor cu caracter personal de pe site-urile Asocia\\u021biei Help&Care. \\u00cen alte situa\\u021bii, prelucrarea datelor cu caracter personal se realizeaz\\u0103 \\u00een conformitate cu legisla\\u021bia \\u00een vigoare \\u00een materie civil\\u0103, fiscal\\u0103, administrativ\\u0103 etc.<\\\/p>\\n\n\n<p><strong>Durata prelucr\\u0103rii datelor cu caracter personal<\\\/strong><br \\\/>Datele necesare prelucr\\u0103rii vor fi p\\u0103strate pentru o perioad\\u0103 de maximum 5 ani \\u00een func\\u021bie de categoria de date cu caracter personal prelucrat\\u0103. Acestea pot fi \\u0219terse la cerere pe parcursul acestei perioade, dac\\u0103 este cazul.<\\\/p>\\n\n\n<p><strong>Transferul datelor cu caracter personal<\\\/strong><br \\\/><br \\\/>Asocia\\u021bia Help&Care prelucreaz\\u0103 datele tale cu caracter personal exclusiv pe teritoriul Rom\\u00e2niei.<br \\\/>Responsabilitatea ter\\u021bilor pentru securitatea \\u0219i prelucrarea datelor tale personale<br \\\/>Funda\\u021bia Comunitar\\u0103 Oradea depune toate eforturile necesare transmiterii \\u00een siguran\\u021b\\u0103 a datelor tale c\\u0103tre ter\\u021be persoane, \\u00eens\\u0103 nu \\u00ee\\u0219i asum\\u0103 responsabilitatea pentru modalitatea de prelucrare \\u0219i securizare a datelor de c\\u0103tre ace\\u0219tia. \\u00cen situa\\u021bia compromiterii acestora ca urmare a unei bre\\u0219e de securitate, te vom notifica imediat \\u00een conformitate cu procedurile de notificare cerute de lega aplicabil\\u0103.<br \\\/>Procedurile noastre cu privire la protec\\u021bia datelor cu caracter personal, m\\u0103surile organizatorice \\u0219i tehnice, sunt structurate \\u00een scopul de a asigura confiden\\u021bialitatea \\u0219i securitatea datelor cu caracter personal \\u0219i a tuturor informa\\u021biilor aflate \\u00een grija noastr\\u0103. Ne angaj\\u0103m s\\u0103 verific\\u0103m periodic caracterul adecvat al m\\u0103surilor implementate.<br \\\/><br \\\/><strong>Care sunt drepturile persoanei vizate?<\\\/strong><br \\\/>\\u00cen baza GDPR \\u0219i a legisla\\u021biei conexe privind protec\\u021bia datelor, beneficiezi de urm\\u0103toarele drepturi:<\\\/p>\\n\n\n<p>\\u2022<span>\\u00a0<\\\/span><strong>Dreptul de acces<\\\/strong><span>\\u00a0<\\\/span>\\u2013 \\u00eenseamn\\u0103 c\\u0103 ai dreptul de a ob\\u021bine o confirmare din partea noastr\\u0103 c\\u0103 \\u00ee\\u021bi prelucr\\u0103m sau nu datele cu caracter personal, \\u0219i \\u00een caz afirmativ acces la datele respective \\u0219i la informa\\u021bii privind modul\\\/modalitatea \\u00een care ele sunt prelucrate.<br \\\/>\\u2022<span>\\u00a0<\\\/span><strong>Dreptul la portabilitatea datelor<\\\/strong><span>\\u00a0<\\\/span>\\u2013 po\\u021bi primi datele tale \\u00eentr-un format structurat, utilizat \\u00een mod curent \\u0219i dreptul ca acestea s\\u0103 fie transmise direct altui operator, dac\\u0103 acest lucru este fezabil din punct de vedere tehnic.<br \\\/>\\u2022<span>\\u00a0<\\\/span><strong>Dreptul la opozi\\u021bie<\\\/strong><span>\\u00a0<\\\/span>\\u2013 te po\\u021bi opune prelucr\\u0103rii datelor personale atunci c\\u00e2nd prelucrarea este necesar\\u0103 pentru \\u00eendeplinirea unei sarcini care serve\\u0219te unui interes public sau c\\u00e2nd are \\u00een vedere un interes legitim al operatorului.<br \\\/>\\u2022<span>\\u00a0<\\\/span><strong>Dreptul la rectificare<\\\/strong><span>\\u00a0<\\\/span>\\u2013 oric\\u00e2nd ne po\\u021bi solicita s\\u0103 corect\\u0103m, f\\u0103r\\u0103 \\u00eent\\u00e2rzieri nejustificate, datele cu caracter personal inexacte. Rectificarea va fi comunicat\\u0103 fiec\\u0103rui destinatar la care au fost transmise datele, cu excep\\u021bia cazului \\u00een care acest lucru se dovede\\u0219te imposibil sau presupune eforturi dispropor\\u021bionate<br \\\/>\\u2022<span>\\u00a0<\\\/span><strong>Dreptul la \\u0219tergerea datelor<\\\/strong><span>\\u00a0<\\\/span>\\u2013 dreptul de a ne solicita, f\\u0103r\\u0103 \\u00eent\\u00e2rzieri nejustificate, s\\u0103 \\u00ee\\u021bi fie \\u0219terse datele cu caracter personal \\u00een cazul \\u00een care acestea nu mai sunt necesare pentru \\u00eendeplinirea scopurilor pentru care au fost colectate sau prelucrate de c\\u0103tre noi sau \\u00ee\\u021bi retragi consim\\u021b\\u0103m\\u00e2ntul \\u0219i nu exist\\u0103 niciun alt temei juridic pentru prelucrare. De asemenea, oric\\u00e2nd, te po\\u021bi opune prelucr\\u0103rii dac\\u0103 nu exist\\u0103 motive legitime care s\\u0103 prevaleze sau datele tale cu caracter personal au fost prelucrate cu nerespectarea legii sau acestea trebuie \\u0219terse pentru respectarea unei obliga\\u021bii legale care ne revine.<br \\\/>\\u2022<span>\\u00a0<\\\/span><strong>Dreptul la restric\\u021bionarea prelucr\\u0103rii<\\\/strong><span>\\u00a0<\\\/span>\\u2013 posibilitatea de a ob\\u021bine restric\\u021bionarea prelucr\\u0103rii \\u00een oricare dintre urm\\u0103toarele situa\\u021bii expres prev\\u0103zute:<br \\\/>\\u00a0 \\u00a0 \\u00a0o exactitatea datelor pe care noi le prelucr\\u0103m este contestat\\u0103;<br \\\/>\\u00a0 \\u00a0 \\u00a0o prelucrarea datelor de c\\u0103tre noi este ilegal\\u0103 \\u0219i solici\\u021bi restric\\u021bionarea utiliz\\u0103rii lor de c\\u0103tre noi;<br \\\/>\\u00a0 \\u00a0 \\u00a0o \\u00een cazul \\u00een care solici\\u021bi datele pentru constatarea, exercitarea sau ap\\u0103rarea unui drept \\u00een instan\\u021b\\u0103. Restric\\u021bionarea prelucr\\u0103rii se aplic\\u0103 pentru intervalul de timp \\u00een care verific\\u0103m dac\\u0103 drepturile noastre legitime prevaleaz\\u0103 asupra drepturilor tale.<\\\/p>\\n\n\n<p>Pentru orice clarific\\u0103ri, sugestii \\u0219i interven\\u021bii pe datele personale ne po\\u021bi contacta la adresa de e-mail:<span>\\u00a0<\\\/span><span id=\\\"cloak78ff7df49869a08444e59e319923ab6a\\\"><a href=\\\"mailto:office@helpandcare.ro \\\">office@helpandcare.ro <\\\/a><\\\/span><\\\/p>\\n<\\\/div>\"}}]}]}]}],\"version\":\"3.0.7\"} --><\/p>\n","protected":false},"excerpt":{"rendered":"<p>Asocia\u021bia Help&#038;Care, organiza\u0163ie neguvernamental\u0103, nonprofit \u015fi apolitic\u0103, cu sediul \u00een Oradea, Gen. Gheorghe Magheru nr.5, \u00eenregistrat\u0103 \u00een Registrul Asocia\u021biilor \u0219i Funda\u021biilor cu nr. 4\/N\/2013, cod fiscal 31511820, \u00een\u021belege s\u0103 \u00ee\u0219i actualizeze politica de prelucrare a datelor cu caracter personal \u00een vederea respect\u0103rii noilor reguli introduse prin Regulamentul General de Protec\u021bia datelor, nr. 679 din 27 [&hellip;]<\/p>\n","protected":false},"author":2,"featured_media":327,"parent":0,"menu_order":0,"comment_status":"closed","ping_status":"closed","template":"","meta":{"footnotes":""},"class_list":["post-3","page","type-page","status-publish","has-post-thumbnail","hentry"],"_links":{"self":[{"href":"https:\/\/helpandcare.ro\/en\/wp-json\/wp\/v2\/pages\/3","targetHints":{"allow":["GET"]}}],"collection":[{"href":"https:\/\/helpandcare.ro\/en\/wp-json\/wp\/v2\/pages"}],"about":[{"href":"https:\/\/helpandcare.ro\/en\/wp-json\/wp\/v2\/types\/page"}],"author":[{"embeddable":true,"href":"https:\/\/helpandcare.ro\/en\/wp-json\/wp\/v2\/users\/2"}],"replies":[{"embeddable":true,"href":"https:\/\/helpandcare.ro\/en\/wp-json\/wp\/v2\/comments?post=3"}],"version-history":[{"count":3,"href":"https:\/\/helpandcare.ro\/en\/wp-json\/wp\/v2\/pages\/3\/revisions"}],"predecessor-version":[{"id":409,"href":"https:\/\/helpandcare.ro\/en\/wp-json\/wp\/v2\/pages\/3\/revisions\/409"}],"wp:featuredmedia":[{"embeddable":true,"href":"https:\/\/helpandcare.ro\/en\/wp-json\/wp\/v2\/media\/327"}],"wp:attachment":[{"href":"https:\/\/helpandcare.ro\/en\/wp-json\/wp\/v2\/media?parent=3"}],"curies":[{"name":"wp","href":"https:\/\/api.w.org\/{rel}","templated":true}]}}