{"id":6,"date":"2022-09-07T10:52:02","date_gmt":"2022-09-07T07:52:02","guid":{"rendered":"https:\/\/helpandcare.ro\/?page_id=6"},"modified":"2022-10-20T15:47:06","modified_gmt":"2022-10-20T12:47:06","slug":"about-us","status":"publish","type":"page","link":"https:\/\/helpandcare.ro\/en\/","title":{"rendered":"About Us"},"content":{"rendered":"<h1>Despre noi<\/h1>\n<h2>Asocia\u021bia Help&#038;Care <\/h2>\n<div>\n<p>Este o organiza\u0163ie neguvernamental\u0103, nonprofit \u015fi apolitic\u0103, \u00eenfiin\u0163at\u0103 \u00een anul 2013.<br \/>Ea a luat na\u0219tere \u00een urma unor ini\u021biative ale unui grup de persoane, de diferite v\u00e2rste \u0219i provenien\u021be socio-profesionale (cadre medicale, studen\u021bi, contabili etc.) care doreau s\u0103 se implice \u0219i s\u0103 desf\u0103\u0219oare anumite activita\u021bi \u00een domeniul s\u0103n\u0103t\u0103\u021bii, educa\u021biei \u0219i nu \u00een ultimul r\u00e2nd \u00een domeniul social; aceste activit\u0103\u021bi i\u0219i propuneau s\u0103 ofere sus\u021binere \u0219i suport persoanelor cu nevoi speciale, aflate la cele dou\u0103 \u201ccapete\u201d fragile ale vie\u021bii:<strong> copil\u0103ria <\/strong>\u0219i <strong> b\u0103tr\u00e2ne\u021bea <\/strong>.<\/p>\n<p>Din lipsa unei institu\u021bii care s\u0103 realizeze aceste dorin\u021be arz\u0103toare de a ajuta, ne-am hot\u0103r\u00e2t s\u0103 ne constituim \u00eentr-o asocia\u021bie care s\u0103 \u00eent\u00e2mpine at\u00e2t necesit\u0103\u021bile noastre, c\u00e2t \u0219i ale grupurilor de oameni care aveau nevoie de acest ajutor. Resursele financiare \u0219i materiale direc\u021bionate c\u0103tre ac\u021biunile \u00eentreprinse de Asocia\u021bia Help &amp; Care de-a lungul anilor au provenit din surse variate.<\/p>\n<p>Proiecte derulate de c\u0103tre Asocia\u021bie: Cake Day, Vine Mo\u0219u, Vine Iepura\u0219u<\/p>\n<p>Toate activit\u0103\u021bile Asocia\u021biei s-au derulat cu participarea direct\u0103 a membrilor acesteia dar \u0219i a multor voluntari din r\u00e2ndurile studen\u021bilor. Acest mod de interac\u021biune ne-a pus \u00een contact direct cu persoanele care beneficiau de sus\u021binerea noastr\u0103, oferindu-ne astfel sansa de a rela\u021biona direct cu persoana aflat\u0103 \u00een dificultate. Am observat astfel c\u00e2t de important este suportul emo\u021bional pe care \u00eel oferea prezen\u021ba noastr\u0103 acestor dou\u0103 categorii de persoane, copii \u0219i v\u00e2rstnici, \u0219i c\u0103 acest suport emo\u021bional trebuie s\u0103 completeze orice suport material care \u00eenso\u021bea vizitele noastre. De-alungul timpului activit\u0103\u021bile Asocia\u021biei s-au \u00eenmul\u021bit \u0219i au devenit mai consistente \u0219i tot mai marcante \u00een vie\u021bile celor cu care voluntarii Asocia\u021biei au venit \u00een contact.<\/p>\n<p>Activitatea <strong>Asocia\u021biei Help &amp; Care<\/strong> a cuprins, pe l\u00e2ng\u0103 sus\u021binerea unor copii (din orfelinate \u0219i centre de plasament) \u0219i v\u00e2rstnici (din azile \u0219i ad\u0103posturi sociale), \u0219i ac\u021biuni cu adresate unor cazuri cu nevoi speciale, individualizate \u0219i analizate \u00een mod obiectiv: sus\u021binerea taxei anuale de \u0219colarizare \u00een \u00eenv\u0103\u021b\u0103m\u00e2ntul superior pentru o persoan\u0103 cu dizabilit\u0103\u021bi; suport financiar pentru o persoan\u0103 cu patologie tumoral\u0103 care a beneficiat de tratament \u00een Germania; suport material pentru mai mul\u021bi seniori (cazuri sociale, f\u0103r\u0103 sus\u021binere CAS) care au necesitat interven\u021bii pentru ameliorarea\/vindecarea unor patologii locomotorii cronice, invalidante; sus\u021binerea eforturilor cadrelor didactice \u0219i ale p\u0103rin\u021bilor pentru diminuarea abandonului scolar la dou\u0103 gr\u0103dini\u021be din Jude\u021bul Bihor: gr\u0103dini\u021ba din satul Miersig, gr\u0103dini\u021ba din satul Subpiatr\u0103.<\/p>\n<\/div>\n<p><img decoding=\"async\" src=\"\/wp-content\/uploads\/2022\/10\/silviu-vlad-2019-1107.jpg\" alt=\"\"><\/p>\n<div>&#8222;\u00centotdeauna am crezut \u00een puterea extraordinar\u0103 a echipei, at\u00e2t \u00een practica mea medical\u0103 c\u00e2t \u0219i \u00een activit\u0103\u021biile extra spitalice\u0219ti.Sunt convins c\u0103 empatia reprezint\u0103 catalizatorul  de baz\u0103 al interac\u021biunilor interumane. Plec\u00e2nd de la aceste premise a luat na\u0219tere conceptul dup\u0103 care se ghideaz\u0103 Asocia\u021bia Help and Care.&#8221;<\/div>\n<p><img decoding=\"async\" src=\"\/wp-content\/uploads\/our-story-about-signature.svg\" alt=\"\"><\/p>\n<div>Dr. Vlad Silviu<\/div>\n<p><!--more--><br \/>\n<!-- {\"type\":\"layout\",\"children\":[{\"type\":\"section\",\"props\":{\"style\":\"default\",\"width\":\"default\",\"vertical_align\":\"middle\",\"title_position\":\"top-left\",\"title_rotation\":\"left\",\"title_breakpoint\":\"xl\",\"image_position\":\"center-center\",\"padding_remove_bottom\":false},\"children\":[{\"type\":\"row\",\"props\":{\"layout\":\"2-3,1-3\",\"divider\":false,\"column_gap\":\"large\",\"row_gap\":\"large\"},\"children\":[{\"type\":\"column\",\"props\":{\"image_position\":\"center-center\",\"media_overlay_gradient\":\"\",\"width_medium\":\"2-3\",\"position_sticky_breakpoint\":\"m\"},\"children\":[{\"type\":\"headline\",\"props\":{\"title_element\":\"h1\",\"title_style\":\"h6\",\"title_color\":\"muted\",\"margin\":\"small\",\"text_align\":\"left\",\"text_align_breakpoint\":\"m\",\"text_align_fallback\":\"center\",\"content\":\"Despre noi\"}},{\"type\":\"headline\",\"props\":{\"title_element\":\"h2\",\"margin\":\"medium\",\"maxwidth\":\"xlarge\",\"block_align_breakpoint\":\"m\",\"block_align_fallback\":\"center\",\"text_align\":\"left\",\"text_align_breakpoint\":\"m\",\"text_align_fallback\":\"center\",\"content\":\"Asocia\\u021bia Help&Care \",\"margin_remove_top\":true}},{\"type\":\"text\",\"props\":{\"margin\":\"xlarge\",\"column_breakpoint\":\"m\",\"maxwidth\":\"2xlarge\",\"maxwidth_breakpoint\":\"m\",\"block_align_breakpoint\":\"m\",\"block_align_fallback\":\"center\",\"text_align\":\"justify\",\"content\":\"\n\n<p>Este o organiza\\u0163ie neguvernamental\\u0103, nonprofit \\u015fi apolitic\\u0103, \\u00eenfiin\\u0163at\\u0103 \\u00een anul 2013.<br \\\/>Ea a luat na\\u0219tere \\u00een urma unor ini\\u021biative ale unui grup de persoane, de diferite v\\u00e2rste \\u0219i provenien\\u021be socio-profesionale (cadre medicale, studen\\u021bi, contabili etc.) care doreau s\\u0103 se implice \\u0219i s\\u0103 desf\\u0103\\u0219oare anumite activita\\u021bi \\u00een domeniul s\\u0103n\\u0103t\\u0103\\u021bii, educa\\u021biei \\u0219i nu \\u00een ultimul r\\u00e2nd \\u00een domeniul social; aceste activit\\u0103\\u021bi i\\u0219i propuneau s\\u0103 ofere sus\\u021binere \\u0219i suport persoanelor cu nevoi speciale, aflate la cele dou\\u0103 \\u201ccapete\\u201d fragile ale vie\\u021bii:<strong> copil\\u0103ria <\\\/strong>\\u0219i <strong> b\\u0103tr\\u00e2ne\\u021bea <\\\/strong>.<br \\\/><br \\\/>Din lipsa unei institu\\u021bii care s\\u0103 realizeze aceste dorin\\u021be arz\\u0103toare de a ajuta, ne-am hot\\u0103r\\u00e2t s\\u0103 ne constituim \\u00eentr-o asocia\\u021bie care s\\u0103 \\u00eent\\u00e2mpine at\\u00e2t necesit\\u0103\\u021bile noastre, c\\u00e2t \\u0219i ale grupurilor de oameni care aveau nevoie de acest ajutor. Resursele financiare \\u0219i materiale direc\\u021bionate c\\u0103tre ac\\u021biunile \\u00eentreprinse de Asocia\\u021bia Help &amp; Care de-a lungul anilor au provenit din surse variate.<\\\/p>\\n\n\n<p>Proiecte derulate de c\\u0103tre Asocia\\u021bie: Cake Day, Vine Mo\\u0219u, Vine Iepura\\u0219u<\\\/p>\\n\n\n<p>Toate activit\\u0103\\u021bile Asocia\\u021biei s-au derulat cu participarea direct\\u0103 a membrilor acesteia dar \\u0219i a multor voluntari din r\\u00e2ndurile studen\\u021bilor. Acest mod de interac\\u021biune ne-a pus \\u00een contact direct cu persoanele care beneficiau de sus\\u021binerea noastr\\u0103, oferindu-ne astfel sansa de a rela\\u021biona direct cu persoana aflat\\u0103 \\u00een dificultate. Am observat astfel c\\u00e2t de important este suportul emo\\u021bional pe care \\u00eel oferea prezen\\u021ba noastr\\u0103 acestor dou\\u0103 categorii de persoane, copii \\u0219i v\\u00e2rstnici, \\u0219i c\\u0103 acest suport emo\\u021bional trebuie s\\u0103 completeze orice suport material care \\u00eenso\\u021bea vizitele noastre. De-alungul timpului activit\\u0103\\u021bile Asocia\\u021biei s-au \\u00eenmul\\u021bit \\u0219i au devenit mai consistente \\u0219i tot mai marcante \\u00een vie\\u021bile celor cu care voluntarii Asocia\\u021biei au venit \\u00een contact.<br \\\/><br \\\/>Activitatea <strong>Asocia\\u021biei Help &amp; Care<\\\/strong> a cuprins, pe l\\u00e2ng\\u0103 sus\\u021binerea unor copii (din orfelinate \\u0219i centre de plasament) \\u0219i v\\u00e2rstnici (din azile \\u0219i ad\\u0103posturi sociale), \\u0219i ac\\u021biuni cu adresate unor cazuri cu nevoi speciale, individualizate \\u0219i analizate \\u00een mod obiectiv: sus\\u021binerea taxei anuale de \\u0219colarizare \\u00een \\u00eenv\\u0103\\u021b\\u0103m\\u00e2ntul superior pentru o persoan\\u0103 cu dizabilit\\u0103\\u021bi; suport financiar pentru o persoan\\u0103 cu patologie tumoral\\u0103 care a beneficiat de tratament \\u00een Germania; suport material pentru mai mul\\u021bi seniori (cazuri sociale, f\\u0103r\\u0103 sus\\u021binere CAS) care au necesitat interven\\u021bii pentru ameliorarea\\\/vindecarea unor patologii locomotorii cronice, invalidante; sus\\u021binerea eforturilor cadrelor didactice \\u0219i ale p\\u0103rin\\u021bilor pentru diminuarea abandonului scolar la dou\\u0103 gr\\u0103dini\\u021be din Jude\\u021bul Bihor: gr\\u0103dini\\u021ba din satul Miersig, gr\\u0103dini\\u021ba din satul Subpiatr\\u0103.<\\\/p>\",\"margin_remove_top\":true}}]},{\"type\":\"column\",\"props\":{\"image_position\":\"center-center\",\"media_overlay_gradient\":\"\",\"width_medium\":\"1-3\",\"position_sticky_breakpoint\":\"m\"},\"children\":[{\"type\":\"image\",\"props\":{\"margin\":\"default\",\"image_svg_color\":\"emphasis\",\"image\":\"wp-content\\\/uploads\\\/2022\\\/10\\\/silviu-vlad-2019-1107.jpg\",\"image_width\":\"610\",\"margin_remove_top\":false,\"image_loading\":true,\"image_border\":\"rounded\"}},{\"type\":\"text\",\"props\":{\"margin\":\"default\",\"column_breakpoint\":\"m\",\"content\":\"\\\"\\u00centotdeauna am crezut \\u00een puterea extraordinar\\u0103 a echipei, at\\u00e2t \\u00een practica mea medical\\u0103 c\\u00e2t \\u0219i \\u00een activit\\u0103\\u021biile extra spitalice\\u0219ti.Sunt convins c\\u0103 empatia reprezint\\u0103 catalizatorul  de baz\\u0103 al interac\\u021biunilor interumane. Plec\\u00e2nd de la aceste premise a luat na\\u0219tere conceptul dup\\u0103 care se ghideaz\\u0103 Asocia\\u021bia Help and Care.\\\"\"}},{\"type\":\"image\",\"props\":{\"margin\":\"\",\"image_svg_color\":\"emphasis\",\"text_align\":\"left\",\"text_align_breakpoint\":\"m\",\"text_align_fallback\":\"center\",\"image\":\"wp-content\\\/uploads\\\/our-story-about-signature.svg\",\"image_svg_inline\":true}},{\"type\":\"text\",\"props\":{\"margin\":\"default\",\"column_breakpoint\":\"m\",\"text_align\":\"left\",\"text_align_breakpoint\":\"m\",\"text_align_fallback\":\"center\",\"content\":\"Dr. Vlad Silviu\"}}]}]}],\"name\":\"About\"}],\"version\":\"3.0.7\"} --><\/p>\n","protected":false},"excerpt":{"rendered":"<p>Despre noi Asocia\u021bia Help&#038;Care Este o organiza\u0163ie neguvernamental\u0103, nonprofit \u015fi apolitic\u0103, \u00eenfiin\u0163at\u0103 \u00een anul 2013.Ea a luat na\u0219tere \u00een urma unor ini\u021biative ale unui grup de persoane, de diferite v\u00e2rste \u0219i provenien\u021be socio-profesionale (cadre medicale, studen\u021bi, contabili etc.) care doreau s\u0103 se implice \u0219i s\u0103 desf\u0103\u0219oare anumite activita\u021bi \u00een domeniul s\u0103n\u0103t\u0103\u021bii, educa\u021biei \u0219i nu \u00een [&hellip;]<\/p>\n","protected":false},"author":2,"featured_media":0,"parent":0,"menu_order":0,"comment_status":"closed","ping_status":"closed","template":"","meta":{"footnotes":""},"class_list":["post-6","page","type-page","status-publish","hentry"],"_links":{"self":[{"href":"https:\/\/helpandcare.ro\/en\/wp-json\/wp\/v2\/pages\/6","targetHints":{"allow":["GET"]}}],"collection":[{"href":"https:\/\/helpandcare.ro\/en\/wp-json\/wp\/v2\/pages"}],"about":[{"href":"https:\/\/helpandcare.ro\/en\/wp-json\/wp\/v2\/types\/page"}],"author":[{"embeddable":true,"href":"https:\/\/helpandcare.ro\/en\/wp-json\/wp\/v2\/users\/2"}],"replies":[{"embeddable":true,"href":"https:\/\/helpandcare.ro\/en\/wp-json\/wp\/v2\/comments?post=6"}],"version-history":[{"count":3,"href":"https:\/\/helpandcare.ro\/en\/wp-json\/wp\/v2\/pages\/6\/revisions"}],"predecessor-version":[{"id":416,"href":"https:\/\/helpandcare.ro\/en\/wp-json\/wp\/v2\/pages\/6\/revisions\/416"}],"wp:attachment":[{"href":"https:\/\/helpandcare.ro\/en\/wp-json\/wp\/v2\/media?parent=6"}],"curies":[{"name":"wp","href":"https:\/\/api.w.org\/{rel}","templated":true}]}}