{"id":2,"date":"2022-09-07T10:37:13","date_gmt":"2022-09-07T10:37:13","guid":{"rendered":"https:\/\/helpandcare.ro\/?page_id=2"},"modified":"2025-03-05T16:13:40","modified_gmt":"2025-03-05T13:13:40","slug":"feltetelek","status":"publish","type":"page","link":"https:\/\/helpandcare.ro\/hu\/termeni-si-conditii\/","title":{"rendered":"Felt\u00e9telek"},"content":{"rendered":"<p>Utols\u00f3 friss\u00edt\u00e9s: 2025.03.03<\/p>\n\n\n\n<p>\u00dcdv\u00f6z\u00f6lj\u00fck a Help&amp;Care Association CUI 32374151 honlapj\u00e1n (<a href=\"https:\/\/helpandcare.ro\/hu\/\">https:\/\/helpandcare.ro\/<\/a>). K\u00e9rj\u00fck, az oldal b\u00f6ng\u00e9sz\u00e9se el\u0151tt figyelmesen olvassa el a haszn\u00e1lati felt\u00e9teleket. A weboldal el\u00e9r\u00e9se \u00e9s haszn\u00e1lata a jelen felt\u00e9telek teljes elfogad\u00e1s\u00e1t jelenti.<\/p>\n\n\n\n<hr class=\"wp-block-separator has-alpha-channel-opacity\"\/>\n\n\n\n<h2 class=\"wp-block-heading\">1. \u00c1ltal\u00e1nos inform\u00e1ci\u00f3k<\/h2>\n\n\n\n<p>Weboldal <strong>Seg\u00edts\u00e9g \u00e9s gondoz\u00e1s<\/strong> \u00e1ltal kezelik <strong>Seg\u00edt\u0151 \u00e9s Gondoz\u00f3 Egyes\u00fclet<\/strong>, sz\u00e9khelye: Nagyv\u00e1rad, Str. Louis Pasteur sz. 133, 410154, Bihar, Rom\u00e1nia. Az egyes\u00fclet jogilag bejegyzett, el\u00e9rhet\u0151s\u00e9gei a k\u00f6vetkez\u0151k:<\/p>\n\n\n\n<ul class=\"wp-block-list\">\n<li>Telefon: <strong>0726 000 994<\/strong><\/li>\n\n\n\n<li>Email: <strong><a href=\"mailto:office@helpandcare.ro\">office@helpandcare.ro<\/a><\/strong><\/li>\n\n\n\n<li>Banksz\u00e1mla (Banca TRANSILVANIA): <strong>RO41BTRLRONCRT0228221101<\/strong><\/li>\n\n\n\n<li>SWIFT k\u00f3d: <strong>BTRLRO22<\/strong><\/li>\n<\/ul>\n\n\n\n<hr class=\"wp-block-separator has-alpha-channel-opacity\"\/>\n\n\n\n<h2 class=\"wp-block-heading\">2. A weboldal c\u00e9lja<\/h2>\n\n\n\n<p>Egyes\u00fclet honlapja <strong>Seg\u00edts\u00e9g \u00e9s gondoz\u00e1s<\/strong> t\u00e1j\u00e9koztat\u00f3 jelleg\u0171, \u00e9s r\u00e9szleteket ad az egyes\u00fclet tev\u00e9kenys\u00e9g\u00e9r\u0151l \u00e9s projektjeir\u0151l, valamint lehet\u0151s\u00e9get ad arra, hogy adom\u00e1nyokkal vagy egy\u00e9b t\u00e1mogat\u00e1si form\u00e1kkal t\u00e1mogassuk \u00fcgyeinket.<\/p>\n\n\n\n<hr class=\"wp-block-separator has-alpha-channel-opacity\"\/>\n\n\n\n<h2 class=\"wp-block-heading\">3. Szellemi tulajdonjogok<\/h2>\n\n\n\n<p>A weboldalon tal\u00e1lhat\u00f3 \u00f6sszes anyag (sz\u00f6vegek, k\u00e9pek, log\u00f3k, grafik\u00e1k, design stb.) a tulajdon\u00e1t k\u00e9pezi <strong>Seg\u00edt\u0151 \u00e9s Gondoz\u00f3 Egyes\u00fclet<\/strong> \u00e9s szerz\u0151i jogi t\u00f6rv\u00e9nyek v\u00e9dik. Felhaszn\u00e1l\u00e1suk, m\u00e1sol\u00e1suk, terjeszt\u00e9s\u00fck az egyes\u00fclet \u00edr\u00e1sbeli hozz\u00e1j\u00e1rul\u00e1sa n\u00e9lk\u00fcl tilos.<\/p>\n\n\n\n<hr class=\"wp-block-separator has-alpha-channel-opacity\"\/>\n\n\n\n<h2 class=\"wp-block-heading\">4. A weboldal haszn\u00e1lata<\/h2>\n\n\n\n<p>A felhaszn\u00e1l\u00f3knak be kell tartaniuk az al\u00e1bbi szab\u00e1lyokat:<\/p>\n\n\n\n<ul class=\"wp-block-list\">\n<li>A weboldal haszn\u00e1lata kiz\u00e1r\u00f3lag t\u00f6rv\u00e9nyes c\u00e9lokra, an\u00e9lk\u00fcl, hogy az egyes\u00fcletnek vagy m\u00e1s felhaszn\u00e1l\u00f3knak k\u00e1rt okozna.<\/li>\n\n\n\n<li>Tilos olyan tartalmat k\u00fcldeni vagy terjeszteni, amely illeg\u00e1lis, r\u00e1galmaz\u00f3, csal\u00f3 vagy m\u00e1sok jogait s\u00e9rti.<\/li>\n\n\n\n<li>Ne k\u00eds\u00e9reljen meg enged\u00e9ly n\u00e9lk\u00fcl hozz\u00e1f\u00e9rni a weboldal adataihoz vagy szervereihez.<\/li>\n<\/ul>\n\n\n\n<p>Az Egyes\u00fclet fenntartja a jogot, hogy korl\u00e1tozza a hozz\u00e1f\u00e9r\u00e9st azon felhaszn\u00e1l\u00f3k sz\u00e1m\u00e1ra, akik nem tartj\u00e1k be ezeket a szab\u00e1lyokat.<\/p>\n\n\n\n<hr class=\"wp-block-separator has-alpha-channel-opacity\"\/>\n\n\n\n<h2 class=\"wp-block-heading\">5. Adom\u00e1nyok \u00e9s kifizet\u00e9sek<\/h2>\n\n\n\n<p>A weboldal lehet\u0151s\u00e9get k\u00edn\u00e1lhat a tev\u00e9kenys\u00e9gek t\u00e1mogat\u00e1s\u00e1ra t\u00f6rt\u00e9n\u0151 adom\u00e1nyoz\u00e1sra <strong>Seg\u00edt\u0151 \u00e9s Gondoz\u00f3 Egyes\u00fclet<\/strong>. Minden tranzakci\u00f3t p\u00e9nz\u00fcgyi partnereink biztos\u00edtanak \u00e9s dolgozunk fel.<\/p>\n\n\n\n<p>Az adom\u00e1nyok v\u00e9glegesnek min\u0151s\u00fclnek, \u00e9s nem t\u00e9r\u00edthet\u0151k vissza, kiv\u00e9ve indokolt helyzeteket, amelyeket az egyes\u00fclet egyedileg elemez.<\/p>\n\n\n\n<hr class=\"wp-block-separator has-alpha-channel-opacity\"\/>\n\n\n\n<h2 class=\"wp-block-heading\">6. A felel\u0151ss\u00e9g korl\u00e1toz\u00e1sa<\/h2>\n\n\n\n<p>Az Egyes\u00fclet mindent megtesz a weboldalon tal\u00e1lhat\u00f3 inform\u00e1ci\u00f3k pontoss\u00e1g\u00e1nak \u00e9s aktualiz\u00e1l\u00e1s\u00e1nak biztos\u00edt\u00e1sa \u00e9rdek\u00e9ben, de nem garant\u00e1lja azok teljess\u00e9g\u00e9t vagy hibamentess\u00e9g\u00e9t.<\/p>\n\n\n\n<p><strong>Seg\u00edt\u0151 \u00e9s Gondoz\u00f3 Egyes\u00fclet<\/strong> nem v\u00e1llal felel\u0151ss\u00e9get semmilyen k\u00f6zvetlen vagy k\u00f6zvetett k\u00e1r\u00e9rt, amelyet a weboldal haszn\u00e1lat\u00e1b\u00f3l vagy haszn\u00e1lat\u00e1nak k\u00e9ptelens\u00e9ge okoz.<\/p>\n\n\n\n<hr class=\"wp-block-separator has-alpha-channel-opacity\"\/>\n\n\n\n<h2 class=\"wp-block-heading\">7. Adatv\u00e9delmi szab\u00e1lyzat<\/h2>\n\n\n\n<p>A weboldal a szem\u00e9lyes adatok v\u00e9delm\u00e9re vonatkoz\u00f3 hat\u00e1lyos jogszab\u00e1lyoknak megfelel\u0151en gy\u0171jthet szem\u00e9lyes adatokat. A r\u00e9szletek\u00e9rt l\u00e1sd <strong>Adatv\u00e9delmi szab\u00e1lyzat<\/strong>.<\/p>\n\n\n\n<hr class=\"wp-block-separator has-alpha-channel-opacity\"\/>\n\n\n\n<h2 class=\"wp-block-heading\">8. Felt\u00e9telek m\u00f3dos\u00edt\u00e1sa<\/h2>\n\n\n\n<p>Fenntartjuk a jogot, hogy ezeket a felt\u00e9teleket b\u00e1rmikor m\u00f3dos\u00edtsuk, amikor sz\u00fcks\u00e9gesnek l\u00e1tjuk. B\u00e1rmilyen v\u00e1ltoztat\u00e1st ezen az oldalon tesz\u00fcnk k\u00f6zz\u00e9, \u00e9s a webhely m\u00f3dos\u00edt\u00e1s ut\u00e1ni haszn\u00e1lata az \u00faj felt\u00e9telek elfogad\u00e1s\u00e1t jelenti.<\/p>\n\n\n\n<hr class=\"wp-block-separator has-alpha-channel-opacity\"\/>\n\n\n\n<h2 class=\"wp-block-heading\">9. Kapcsolat<\/h2>\n\n\n\n<p>Ha b\u00e1rmilyen k\u00e9rd\u00e9se vagy k\u00e9r\u00e9se van a jelen \u00c1ltal\u00e1nos Szerz\u0151d\u00e9si Felt\u00e9telekkel kapcsolatban, forduljon hozz\u00e1nk a k\u00f6vetkez\u0151 c\u00edmen:<\/p>\n\n\n\n<ul class=\"wp-block-list\">\n<li><strong>Email:<\/strong> <a href=\"mailto:office@helpandcare.ro\">office@helpandcare.ro<\/a><\/li>\n\n\n\n<li><strong>Telefon:<\/strong> 0726 000 994 \u2013 Dr. Vlad Silviu<\/li>\n\n\n\n<li>Help&amp;Care Egyes\u00fclet \u2013 CUI 32374151<\/li>\n<\/ul>\n\n\n\n<p>K\u00f6sz\u00f6nj\u00fck, hogy megl\u00e1togatta weboldalunkat \u00e9s t\u00e1mogat\u00e1s\u00e1t!<\/p>\n\n\n\n<p><strong>Seg\u00edt\u0151 \u00e9s Gondoz\u00f3 Egyes\u00fclet<\/strong><\/p>\n\n\n\n<p><\/p>","protected":false},"excerpt":{"rendered":"<p>Ultima actualizare: 03.03.2025 Bine a\u021bi venit pe website-ul Asocia\u021biei Help&amp;Care CUI 32374151 (https:\/\/helpandcare.ro\/). V\u0103 rug\u0103m s\u0103 citi\u021bi cu aten\u021bie termenii \u0219i condi\u021biile de utilizare \u00eenainte de a naviga pe site. Accesarea \u0219i utilizarea acestui website implic\u0103 acceptarea acestor termeni \u0219i condi\u021bii \u00een totalitate. 1. Informa\u021bii generale Website-ul Help &amp; Care este administrat de Asocia\u021bia Help [&hellip;]<\/p>\n","protected":false},"author":2,"featured_media":0,"parent":0,"menu_order":0,"comment_status":"closed","ping_status":"closed","template":"","meta":{"footnotes":""},"class_list":["post-2","page","type-page","status-publish","hentry"],"_links":{"self":[{"href":"https:\/\/helpandcare.ro\/hu\/wp-json\/wp\/v2\/pages\/2","targetHints":{"allow":["GET"]}}],"collection":[{"href":"https:\/\/helpandcare.ro\/hu\/wp-json\/wp\/v2\/pages"}],"about":[{"href":"https:\/\/helpandcare.ro\/hu\/wp-json\/wp\/v2\/types\/page"}],"author":[{"embeddable":true,"href":"https:\/\/helpandcare.ro\/hu\/wp-json\/wp\/v2\/users\/2"}],"replies":[{"embeddable":true,"href":"https:\/\/helpandcare.ro\/hu\/wp-json\/wp\/v2\/comments?post=2"}],"version-history":[{"count":3,"href":"https:\/\/helpandcare.ro\/hu\/wp-json\/wp\/v2\/pages\/2\/revisions"}],"predecessor-version":[{"id":578,"href":"https:\/\/helpandcare.ro\/hu\/wp-json\/wp\/v2\/pages\/2\/revisions\/578"}],"wp:attachment":[{"href":"https:\/\/helpandcare.ro\/hu\/wp-json\/wp\/v2\/media?parent=2"}],"curies":[{"name":"munkaf\u00fczet","href":"https:\/\/api.w.org\/{rel}","templated":true}]}}