{"id":7,"date":"2022-09-07T10:52:02","date_gmt":"2022-09-07T10:52:02","guid":{"rendered":"https:\/\/helpandcare.ro\/?page_id=7"},"modified":"2023-03-02T09:42:16","modified_gmt":"2023-03-02T06:42:16","slug":"kapcsolatba-lepni","status":"publish","type":"page","link":"https:\/\/helpandcare.ro\/hu\/contact\/","title":{"rendered":"Kapcsolat"},"content":{"rendered":"<h3>Contact Asocia\u021bia Help &#038; Care, Oradea<\/h3>\n<div>Dac\u0103 dori\u0163i mai multe informa\u0163ii \u00een leg\u0103tur\u0103 cu implicarea \u015fi activitatea Asocia\u021biei  Help &#038; Care Oradea, v\u0103 rug\u0103m s\u0103 ne contacta\u0163i.<br \/>\n<br \/>\n<span uk-icon=\"icon:  receiver\"> <\/span><br \/>\n 0726 000 994 &#8211; Vlad Silviu <br \/> <span uk-icon=\"icon:  mail\"> <\/span> office@helpandcare.ro <\/p>\n<\/div>\n<h1>Implic\u0103-te<\/h1>\n<ul>\n<li>\n<p><a href=\"https:\/\/formular230.ro\/asociatia-help-care\">Click aici pentru a direc\u021biona cei 3,5% cu ajutorul site-ului formular230.ro<\/p>\n<p><\/a><\/p>\n<\/li>\n<li>\n<p><a href=\"https:\/\/redirectioneaza.ro\/asociatia-help--care\">Click aici pentru a direc\u021biona cei 3,5% cu ajutorul site-ului redirectioneaza.ro<\/a><\/p>\n<\/li>\n<\/ul>\n<h2>Contact<\/h2>\n<div>Str. Louis Pasteur nr. 133, Oradea<br \/>\n410154, Bihor-Rom\u00e2nia<\/div>\n<ul>\n<li>\n<h3>Telefon<\/h3>\n<div><a class=\"uk-link-reset\" href=\"tel:+40758 298 364\">+40758 298 364<\/a><\/div>\n<\/li>\n<li>\n<h3>Email<\/h3>\n<div><a class=\"uk-link-reset\" href=\"mailto:office@helpandcare.ro \">office@helpandcare.ro <\/a><\/div>\n<\/li>\n<\/ul>\n<h2>Program<\/h2>\n<ul>\n<li>\n<h3>Luni &#8211; Vineri<\/h3>\n<div>8:00 am &#8211; 16:00<\/div>\n<\/li>\n<li>\n<h3>S\u00e2mb\u0103t\u0103 \u0219i Duminic\u0103<\/h3>\n<div>\u00cenchis<\/div>\n<\/li>\n<\/ul>\n<h2>Dona\u021bii<\/h2>\n<div>Banca TRANSILVANIA<\/p>\n<p>Cont lei: RO41BTRLRONCRT0228221101 <\/p>\n<p>Cod SWIFT: BTRLRO22<\/p><\/div>\n<div>\n<p>47.0661,21.9577<\/p>\n<h3>Asocia\u021bia Help &#038; Care<\/h3>\n<p>Giving is the best communication<\/p>\n<div>\n<p>Str. Louis Pasteur nr. 133, Oradea<br \/>\n410154, Bihor-Rom\u00e2nia<\/p>\n<p><a href=\"mailto:office@helpandcare.ro\">office@helpandcare.ro<\/a><br \/>\n<a class=\"uk-link-reset\" href=\"tel:+40758298364\">+40758 298 364<\/a><\/p>\n<\/div>\n<\/div>\n<p><!--more--><br \/>\n<!-- {\"name\":\"Contact\",\"type\":\"layout\",\"children\":[{\"name\":\"Image\",\"type\":\"section\",\"props\":{\"css\":\".el-section > [class*='uk-background-'] { min-height: 40vh; }\",\"height_viewport\":false,\"image\":\"wp-content\\\/uploads\\\/2022\\\/10\\\/help-and-care-contact-01.jpg\",\"image_effect\":\"fixed\",\"image_fixed\":true,\"image_parallax_bgx\":\"100 10%\",\"image_parallax_easing\":\"-0.8\",\"image_position\":\"top-center\",\"image_size\":\"width-1-1\",\"padding\":\"large\",\"preserve_color\":false,\"style\":\"default\",\"text_color\":\"light\",\"title_breakpoint\":\"xl\",\"title_position\":\"top-left\",\"title_rotation\":\"left\",\"vertical_align\":\"middle\",\"width\":\"default\"},\"children\":[{\"name\":\"\",\"type\":\"row\",\"children\":[{\"name\":\"\",\"type\":\"column\",\"props\":{\"image_position\":\"center-center\",\"media_overlay_gradient\":\"\",\"position_sticky_breakpoint\":\"m\",\"width_medium\":\"1-1\"}}]}]},{\"name\":\"Contact\",\"type\":\"section\",\"props\":{\"animation\":\"fade\",\"image_position\":\"center-center\",\"image_size\":\"cover\",\"media\":\"images\\\/demo\\\/demo-image_01.jpg\",\"padding\":\"large\",\"padding_remove_bottom\":false,\"style\":\"default\",\"title_breakpoint\":\"xl\",\"title_position\":\"top-left\",\"title_rotation\":\"left\",\"vertical_align\":\"middle\",\"width\":\"default\"},\"children\":[{\"name\":\"\",\"type\":\"row\",\"children\":[{\"name\":\"\",\"type\":\"column\",\"props\":{\"image_position\":\"center-center\",\"media_overlay_gradient\":\"\",\"position_sticky_breakpoint\":\"m\",\"width_medium\":\"2-3\"},\"children\":[{\"name\":\"\",\"type\":\"headline\",\"props\":{\"content\":\"Contact Asocia\\u021bia Help & Care, Oradea\",\"maxwidth\":\"2xlarge\",\"text_align\":\"left\",\"title_element\":\"h3\",\"title_style\":\"h2\"}},{\"name\":\"\",\"type\":\"divider\",\"props\":{\"divider_element\":\"div\",\"divider_style\":\"small\"}},{\"name\":\"\",\"type\":\"text\",\"props\":{\"column_breakpoint\":\"m\",\"content\":\"Dac\\u0103 dori\\u0163i mai multe informa\\u0163ii \\u00een leg\\u0103tur\\u0103 cu implicarea \\u015fi activitatea Asocia\\u021biei  Help & Care Oradea, v\\u0103 rug\\u0103m s\\u0103 ne contacta\\u0163i.\\n<br \/>\\n<span uk-icon=\\\"icon:  receiver\\\"> <\\\/span> \\n 0726 000 994 - Vlad Silviu <br \/> <span uk-icon=\\\"icon:  mail\\\"> <\\\/span> office@helpandcare.ro \\n\\n\",\"margin\":\"medium\",\"maxwidth\":\"xlarge\",\"text_align\":\"left\"}}]},{\"type\":\"column\",\"props\":{\"image_position\":\"center-center\",\"media_overlay_gradient\":\"\",\"position_sticky_breakpoint\":\"m\",\"width_medium\":\"1-3\"},\"children\":[{\"type\":\"headline\",\"props\":{\"content\":\"Implic\\u0103-te\",\"title_element\":\"h1\",\"title_style\":\"h2\"}},{\"name\":\"\",\"type\":\"divider\",\"props\":{\"divider_element\":\"div\",\"divider_style\":\"small\"}},{\"type\":\"list\",\"props\":{\"column_breakpoint\":\"m\",\"icon\":\"link\",\"image_align\":\"left\",\"image_svg_color\":\"emphasis\",\"image_vertical_align\":false,\"list_element\":\"ul\",\"list_horizontal_separator\":\", \",\"list_type\":\"vertical\",\"show_image\":true,\"show_link\":true},\"children\":[{\"type\":\"list_item\",\"props\":{\"content\":\"Click aici pentru a direc\\u021biona cei 3,5% cu ajutorul site-ului formular230.ro\\n\\n\",\"link\":\"https:\\\/\\\/formular230.ro\\\/asociatia-help-care\",\"link_target\":true}},{\"type\":\"list_item\",\"props\":{\"content\":\"Click aici pentru a direc\\u021biona cei 3,5% cu ajutorul site-ului redirectioneaza.ro\",\"link\":\"https:\\\/\\\/redirectioneaza.ro\\\/asociatia-help--care\",\"link_target\":true}}]}]}],\"props\":{\"layout\":\"2-3,1-3\"}},{\"name\":\"\",\"type\":\"row\",\"props\":{\"column_gap\":\"large\",\"layout\":\"1-3,1-3,1-3\",\"margin\":\"xlarge\",\"row_gap\":\"large\",\"width\":\"default\"},\"children\":[{\"name\":\"\",\"type\":\"column\",\"props\":{\"image_position\":\"center-center\",\"media_overlay_gradient\":\"\",\"position_sticky_breakpoint\":\"m\",\"width_medium\":\"1-3\"},\"children\":[{\"name\":\"\",\"type\":\"headline\",\"props\":{\"content\":\"Contact\",\"margin\":\"medium\",\"margin_remove_bottom\":true,\"title_decoration\":\"divider\",\"title_element\":\"h2\",\"title_style\":\"h4\"}},{\"name\":\"\",\"type\":\"text\",\"props\":{\"column_breakpoint\":\"m\",\"content\":\"Str. Louis Pasteur nr. 133, Oradea<br \/>\\n410154, Bihor-Rom\\u00e2nia\",\"margin\":\"default\",\"text_align\":\"left\"}},{\"name\":\"\",\"type\":\"description_list\",\"props\":{\"column_breakpoint\":\"m\",\"layout\":\"grid-2\",\"list_element\":\"ul\",\"list_size\":\"\",\"meta_align\":\"below-content\",\"meta_style\":\"text-meta\",\"show_content\":true,\"show_link\":true,\"show_meta\":true,\"show_title\":true,\"title_element\":\"div\",\"title_grid_column_gap\":\"small\",\"title_grid_row_gap\":\"small\",\"title_grid_width\":\"small\"},\"children\":[{\"name\":\"\",\"type\":\"description_list_item\",\"props\":{\"content\":\"<a class=\\\"uk-link-reset\\\" href=\\\"tel:+40758 298 364\\\">+40758 298 364<\\\/a>\",\"title\":\"Telefon\"}},{\"name\":\"\",\"type\":\"description_list_item\",\"props\":{\"content\":\"<a class=\\\"uk-link-reset\\\" href=\\\"mailto:office@helpandcare.ro \\\">office@helpandcare.ro <\\\/a>\",\"link\":\"\",\"meta\":\"\",\"title\":\"Email\"}}]}]},{\"name\":\"\",\"type\":\"column\",\"props\":{\"image_position\":\"center-center\",\"media_overlay_gradient\":\"\",\"position_sticky_breakpoint\":\"m\",\"width_medium\":\"1-3\"},\"children\":[{\"name\":\"\",\"type\":\"headline\",\"props\":{\"content\":\"Program\",\"margin\":\"medium\",\"margin_remove_bottom\":true,\"title_decoration\":\"divider\",\"title_element\":\"h2\",\"title_style\":\"h4\"}},{\"name\":\"\",\"type\":\"description_list\",\"props\":{\"column_breakpoint\":\"m\",\"layout\":\"grid-2\",\"list_element\":\"ul\",\"list_size\":\"\",\"meta_align\":\"below-content\",\"meta_style\":\"text-meta\",\"show_content\":true,\"show_link\":true,\"show_meta\":true,\"show_title\":true,\"title_element\":\"div\",\"title_grid_column_gap\":\"small\",\"title_grid_row_gap\":\"small\",\"title_grid_width\":\"small\"},\"children\":[{\"name\":\"\",\"type\":\"description_list_item\",\"props\":{\"content\":\"8:00 am - 16:00\",\"title\":\"Luni - Vineri\"}},{\"name\":\"\",\"type\":\"description_list_item\",\"props\":{\"content\":\"\\u00cenchis\",\"title\":\"S\\u00e2mb\\u0103t\\u0103 \\u0219i Duminic\\u0103\"}}]}]},{\"name\":\"\",\"type\":\"column\",\"props\":{\"image_position\":\"center-center\",\"media_overlay_gradient\":\"\",\"position_sticky_breakpoint\":\"m\",\"width_medium\":\"1-3\"},\"children\":[{\"name\":\"\",\"type\":\"headline\",\"props\":{\"content\":\"Dona\\u021bii\",\"margin_remove_bottom\":false,\"title_decoration\":\"divider\",\"title_element\":\"h2\",\"title_style\":\"h4\"}},{\"name\":\"\",\"type\":\"text\",\"props\":{\"column_breakpoint\":\"m\",\"content\":\"Banca TRANSILVANIA<br \/>\\n\\nCont lei: RO41BTRLRONCRT0228221101 <br \/>\\n\\nCod SWIFT: BTRLRO22\",\"margin\":\"remove-vertical\",\"margin_remove_bottom\":true}}]}]}]},{\"name\":\"Map\",\"type\":\"section\",\"props\":{\"image_position\":\"center-center\",\"padding\":\"none\",\"style\":\"default\",\"title_breakpoint\":\"xl\",\"title_position\":\"top-left\",\"title_rotation\":\"left\",\"vertical_align\":\"middle\",\"width\":\"\"},\"children\":[{\"name\":\"\",\"type\":\"row\",\"children\":[{\"name\":\"\",\"type\":\"column\",\"props\":{\"image_position\":\"center-center\",\"media_overlay_gradient\":\"\",\"position_sticky_breakpoint\":\"m\",\"vertical_align\":\"middle\",\"width_medium\":\"\"},\"children\":[{\"name\":\"\",\"type\":\"map\",\"props\":{\"content_margin\":\"remove\",\"controls\":false,\"dragging\":false,\"height\":\"600\",\"image_svg_color\":\"emphasis\",\"link_style\":\"default\",\"link_text\":\"Read more\",\"margin\":\"default\",\"max_zoom\":18,\"meta_align\":\"below-title\",\"meta_element\":\"div\",\"meta_margin\":\"remove\",\"meta_style\":\"text-meta\",\"min_zoom\":0,\"poi\":false,\"show_content\":true,\"show_image\":true,\"show_link\":true,\"show_meta\":true,\"show_title\":true,\"styler_gamma\":\"0.3\",\"styler_lightness\":\"90\",\"styler_saturation\":\"-100\",\"title_element\":\"h3\",\"title_hover_style\":\"reset\",\"type\":\"roadmap\",\"zoom\":\"16\",\"zooming\":false},\"children\":[{\"name\":\"\",\"type\":\"map_item\",\"props\":{\"content\":\"\n\n<p>Str. Louis Pasteur nr. 133, Oradea\\n410154, Bihor-Rom\\u00e2nia<\\\/p>\\n\n\n<p><a href=\\\"mailto:office@helpandcare.ro\\\">office@helpandcare.ro<\\\/a><br \/>\\n<a class=\\\"uk-link-reset\\\" href=\\\"tel:+40758298364\\\">+40758 298 364<\\\/a><\\\/p>\",\"location\":\"47.0661,21.9577\",\"meta\":\"Giving is the best communication\",\"title\":\"Asocia\\u021bia Help & Care\"}}]}]}],\"props\":{\"column_gap\":\"collapse\",\"match\":true}}]}],\"version\":\"3.0.25\"} --><\/p>\n","protected":false},"excerpt":{"rendered":"<p>Contact Asocia\u021bia Help &#038; Care, Oradea Dac\u0103 dori\u0163i mai multe informa\u0163ii \u00een leg\u0103tur\u0103 cu implicarea \u015fi activitatea Asocia\u021biei Help &#038; Care Oradea, v\u0103 rug\u0103m s\u0103 ne contacta\u0163i. 0726 000 994 &#8211; Vlad Silviu office@helpandcare.ro Implic\u0103-te Click aici pentru a direc\u021biona cei 3,5% cu ajutorul site-ului formular230.ro Click aici pentru a direc\u021biona cei 3,5% cu ajutorul [&hellip;]<\/p>\n","protected":false},"author":2,"featured_media":0,"parent":0,"menu_order":0,"comment_status":"closed","ping_status":"closed","template":"","meta":{"footnotes":""},"class_list":["post-7","page","type-page","status-publish","hentry"],"_links":{"self":[{"href":"https:\/\/helpandcare.ro\/hu\/wp-json\/wp\/v2\/pages\/7","targetHints":{"allow":["GET"]}}],"collection":[{"href":"https:\/\/helpandcare.ro\/hu\/wp-json\/wp\/v2\/pages"}],"about":[{"href":"https:\/\/helpandcare.ro\/hu\/wp-json\/wp\/v2\/types\/page"}],"author":[{"embeddable":true,"href":"https:\/\/helpandcare.ro\/hu\/wp-json\/wp\/v2\/users\/2"}],"replies":[{"embeddable":true,"href":"https:\/\/helpandcare.ro\/hu\/wp-json\/wp\/v2\/comments?post=7"}],"version-history":[{"count":3,"href":"https:\/\/helpandcare.ro\/hu\/wp-json\/wp\/v2\/pages\/7\/revisions"}],"predecessor-version":[{"id":502,"href":"https:\/\/helpandcare.ro\/hu\/wp-json\/wp\/v2\/pages\/7\/revisions\/502"}],"wp:attachment":[{"href":"https:\/\/helpandcare.ro\/hu\/wp-json\/wp\/v2\/media?parent=7"}],"curies":[{"name":"munkaf\u00fczet","href":"https:\/\/api.w.org\/{rel}","templated":true}]}}