{"id":74,"date":"2022-09-12T11:15:32","date_gmt":"2022-09-12T08:15:32","guid":{"rendered":"https:\/\/helpandcare.ro\/?page_id=74"},"modified":"2025-07-28T07:58:43","modified_gmt":"2025-07-28T04:58:43","slug":"media-megjelenesek","status":"publish","type":"page","link":"https:\/\/helpandcare.ro\/hu\/aparitii-in-media\/","title":{"rendered":"M\u00e9diaszerepl\u00e9sek"},"content":{"rendered":"<hr>\n<ul>\n<li>\n<h4>Ne pun pe picioare! Un ortoped \u0219i dou\u0103 kinetoterapeute \u00eei ajut\u0103 benevol pe or\u0103deni s\u0103 r\u0103m\u00e2n\u0103 s\u0103n\u0103to\u0219i \u0219i mobili<\/h4>\n<p>18 iulie, 2025<\/p>\n<div>\n<p>\u00cen urm\u0103 cu peste un deceniu, un medic rezident \u0219i mai mul\u021bi studen\u021bi medicini\u0219ti f\u0103ceau gesturi de caritate, cump\u0103r\u00e2nd alimente pentru cei mai s\u0103rmani. \u00cei m\u00e2na doar dorin\u021ba de a face bine \u0219i de a-i \u00eenv\u0103\u021ba pe cei mai tineri c\u0103 empatia este esen\u021bial\u0103 pentru o via\u021b\u0103 armonioas\u0103.<\/p>\n<\/div>\n<p><a href=\"https:\/\/www.ebihoreanul.ro\/stiri\/ne-pun-pe-picioare-un-ortoped-si-doua-kinetoterapeute-ii-ajuta-benevol-pe-oradeni-sa-ramana-sanatosi-si-mobili-195362.html\">www.ebihoreanul.ro<\/a><\/p>\n<\/li>\n<li>\n<h4>Depisteaz\u0103 \u0219i salveaz\u0103<\/h4>\n<p>27 aprilie, 2025<\/p>\n<div>\n<p class=\"entry-title\">\u201eDepisteaz\u0103 \u0219i salveaz\u0103\u201d: La Swimathon Oradea se str\u00e2ng fonduri pentru o campanie de preven\u021bie cu ecografii mamare.<\/p>\n<\/div>\n<p><a href=\"https:\/\/www.ebihoreanul.ro\/stiri\/la-swimathon-oradea-se-strang-fonduri-pentru-ecografii-mamare-gratuitepentru-300-de-femei-193460.html\">www.ebihoreanul.ro<\/a><\/p>\n<\/li>\n<li>\n<h4>La o cafea cu medicul<\/h4>\n<p>18 uaniarie, 2025<\/p>\n<div>\n<p class=\"entry-title\">\u201eLa o cafea&#8230;\u201d: Ce au spus medici aprecia\u021bi din Oradea, ca D\u0103nu\u021b Dejeu, Alin Blaga \u0219i Hadrian Borcea, al\u0103turi de invitatul special Raed Arafat, despre \u00eencrederea \u00een sistem \u0219i \u201edr. Google\u201d<\/p>\n<\/div>\n<p><a href=\"https:\/\/www.ebihoreanul.ro\/stiri\/la-o-cafea-ce-au-spus-medici-apreciai-din-oradea-ca-dnu-dejeu-alin-blaga-i-hadrian-borcea-alturi-de-invitatul-special-raed-arafat-despre-ncrederea-n-sistem-i-dr-google-191476.html\">www.bihoreanul.ro<\/a><\/p>\n<\/li>\n<li>\n<h4>Screening gratuit pentru copii \u0219i adolescen\u021bi, \u00een Oradea<\/h4>\n<p>26 mai, 2023<\/p>\n<div>\n<p><span>\u201ePostura ta din postura noastr\u0103\u201d este numele campaniei derulate de Asocia\u021bia \u201eHelp &amp; Care\u201d pentru evaluarea diformit\u0103\u021bilor posturale la copiii cu v\u00e2rsta cuprins\u0103 \u00eentre 8-16 ani.<\/span><\/p>\n<\/div>\n<p><a href=\"https:\/\/www.bihon.ro\/stirile-judetului-bihor\/screening-gratuit-pentru-copii-si-adolescenti-in-oradea-4301326\/\">www.bihon.ro<\/a><\/p>\n<\/li>\n<li>\n<h4>O zi dulce la bufetul Prim\u0103riei &#8211; Pr\u0103jituri \u00een scop caritabil<\/h4>\n<p>04 decembrie, 2014<\/p>\n<div>Angaja\u0163ii Prim\u0103riei Oradea \u015fi vizitatorii bufetului de aici au avut, ieri, o zi dulce. &#8222;Cake Day&#8221; este un eveniment caritabil care se afl\u0103 la al optulea s\u0103u an de desf\u0103\u015furare \u015fi \u00een urma c\u0103ruia vor fi ajuta\u0163i cei 150 de v\u00e2rstnici de la Centrul din Dumbrava.<\/div>\n<p><a href=\"https:\/\/www.crisana.ro\/stiri\/social-9\/o-zi-dulce-la-bufetul-primariei-prajituri-in-scop-caritabil-10735.html\">www.crisana.ro<\/a><\/p>\n<\/li>\n<li>\n<h4>Un gest dulce de dou\u0103 ori: Cake Day la Oradea!<\/h4>\n<p>07 iulie, 2013<\/p>\n<div>&#8222;S\u0103pt\u0103m\u00e2na viitoare, \u00een dou\u0103 zile \u0219i \u00een dou\u0103 locuri diferite, or\u0103denii c\u0103rora le pas\u0103 de concet\u0103\u021benii lor n\u0103p\u0103stui\u021bi vor avea \u00eenc\u0103 o modalitate de a ajuta. Asociatia Help &#038; Care \u0219i Asocia\u021bia Studen\u021bilor Medicini\u0219ti din Oradea sun\u0103 adunarea pentru a 10-a edi\u021bie a Cake Day.&#8221;<\/div>\n<p><a href=\"http:\/\/bihorstiri.ro\/un-gest-dulce-de-doua-ori-cake-day-la-oradea\/\">www. bihorstiri.ro<\/a><\/p>\n<\/li>\n<\/ul>\n<div>\n<h4>Pr\u0103jituri de cas\u0103 pentru oamenii f\u0103r\u0103 cas\u0103.<\/h4>\n<p>15 aprilie, 2014 <\/p>\n<div>Pr\u0103jituri de cas\u0103 \u00een scop caritabil. Studen\u0163ii Facult\u0103\u0163ii de Medicin\u0103 din Oradea, membri ai asocia\u0163iei Help&#038;Care, au preg\u0103tit dulciuri de cas\u0103 pe care le-au scos la v\u00e2nzare, la cantina Prim\u0103riei din Oradea.<\/div>\n<p><a href=\"https:\/\/adevarul.ro\/stiri-locale\/oradea\/foto-prajituri-de-casa-pentru-oamenii-fara-casa-1529153.html\">www.adevarul.ro<\/a><\/p>\n<\/div>\n<p><!--more--><br \/>\n<!-- {\"type\":\"layout\",\"children\":[{\"type\":\"section\",\"props\":{\"image\":\"wp-content\\\/uploads\\\/2022\\\/10\\\/help-and-care-media-01.jpg\",\"image_position\":\"top-center\",\"image_size\":\"cover\",\"image_width\":\"1920\",\"padding\":\"large\",\"style\":\"default\",\"title_breakpoint\":\"xl\",\"title_position\":\"top-left\",\"title_rotation\":\"left\",\"vertical_align\":\"\",\"width\":\"default\"},\"children\":[{\"type\":\"row\",\"children\":[{\"type\":\"column\",\"props\":{\"image_position\":\"center-center\",\"position_sticky_breakpoint\":\"m\"}}]}]},{\"type\":\"section\",\"props\":{\"image_position\":\"center-center\",\"style\":\"default\",\"title_breakpoint\":\"xl\",\"title_position\":\"top-left\",\"title_rotation\":\"left\",\"vertical_align\":\"\",\"width\":\"default\"},\"children\":[{\"type\":\"row\",\"children\":[{\"type\":\"column\",\"props\":{\"image_position\":\"center-center\",\"position_sticky_breakpoint\":\"m\"},\"children\":[{\"type\":\"headline\",\"props\":{\"title_decoration\":\"bullet\",\"title_element\":\"h1\",\"title_style\":\"heading-small\"},\"source\":{\"query\":{\"name\":\"pages.singlePage\"},\"props\":{\"content\":{\"filters\":{\"search\":\"\"},\"name\":\"title\"}}}},{\"type\":\"divider\",\"props\":{\"divider_element\":\"hr\",\"divider_style\":\"icon\",\"maxwidth\":\"large\"}},{\"type\":\"grid\",\"props\":{\"content_column_breakpoint\":\"m\",\"content_style\":\"text-meta\",\"filter_align\":\"left\",\"filter_all\":true,\"filter_grid_breakpoint\":\"m\",\"filter_grid_width\":\"auto\",\"filter_position\":\"top\",\"filter_style\":\"tab\",\"grid_default\":\"1\",\"grid_medium\":\"\",\"icon_width\":80,\"image_align\":\"top\",\"image_grid_breakpoint\":\"m\",\"image_grid_width\":\"1-2\",\"image_svg_color\":\"emphasis\",\"item_animation\":true,\"lightbox_bg_close\":true,\"link_style\":\"text\",\"link_target\":true,\"link_text\":\"Read more\",\"margin\":\"default\",\"meta_align\":\"below-title\",\"meta_element\":\"div\",\"meta_margin\":\"remove\",\"meta_style\":\"text-meta\",\"parallax_easing\":\"1\",\"show_content\":true,\"show_hover_image\":true,\"show_hover_video\":true,\"show_image\":true,\"show_link\":true,\"show_meta\":true,\"show_title\":true,\"show_video\":true,\"title_align\":\"left\",\"title_element\":\"h4\",\"title_grid_breakpoint\":\"m\",\"title_grid_width\":\"1-2\",\"title_hover_style\":\"reset\"},\"children\":[{\"type\":\"grid_item\",\"props\":{\"content\":\"\n\n<p>\\u00cen urm\\u0103 cu peste un deceniu, un medic rezident \\u0219i mai mul\\u021bi studen\\u021bi medicini\\u0219ti f\\u0103ceau gesturi de caritate, cump\\u0103r\\u00e2nd alimente pentru cei mai s\\u0103rmani. \\u00cei m\\u00e2na doar dorin\\u021ba de a face bine \\u0219i de a-i \\u00eenv\\u0103\\u021ba pe cei mai tineri c\\u0103 empatia este esen\\u021bial\\u0103 pentru o via\\u021b\\u0103 armonioas\\u0103.<\\\/p>\",\"link\":\"https:\\\/\\\/www.ebihoreanul.ro\\\/stiri\\\/ne-pun-pe-picioare-un-ortoped-si-doua-kinetoterapeute-ii-ajuta-benevol-pe-oradeni-sa-ramana-sanatosi-si-mobili-195362.html\",\"link_text\":\"www.ebihoreanul.ro\",\"meta\":\"18 iulie, 2025\",\"title\":\"Ne pun pe picioare! Un ortoped \\u0219i dou\\u0103 kinetoterapeute \\u00eei ajut\\u0103 benevol pe or\\u0103deni s\\u0103 r\\u0103m\\u00e2n\\u0103 s\\u0103n\\u0103to\\u0219i \\u0219i mobili\"}},{\"type\":\"grid_item\",\"props\":{\"content\":\"\n\n<p class=\\\"entry-title\\\">\\u201eDepisteaz\\u0103 \\u0219i salveaz\\u0103\\u201d: La Swimathon Oradea se str\\u00e2ng fonduri pentru o campanie de preven\\u021bie cu ecografii mamare.<\\\/p>\",\"link\":\"https:\\\/\\\/www.ebihoreanul.ro\\\/stiri\\\/la-swimathon-oradea-se-strang-fonduri-pentru-ecografii-mamare-gratuitepentru-300-de-femei-193460.html\",\"link_text\":\"www.ebihoreanul.ro\",\"meta\":\"27 aprilie, 2025\",\"title\":\"Depisteaz\\u0103 \\u0219i salveaz\\u0103\"}},{\"type\":\"grid_item\",\"props\":{\"content\":\"\n\n<p class=\\\"entry-title\\\">\\u201eLa o cafea...\\u201d: Ce au spus medici aprecia\\u021bi din Oradea, ca D\\u0103nu\\u021b Dejeu, Alin Blaga \\u0219i Hadrian Borcea, al\\u0103turi de invitatul special Raed Arafat, despre \\u00eencrederea \\u00een sistem \\u0219i \\u201edr. Google\\u201d<\\\/p>\",\"icon\":\"\",\"link\":\"https:\\\/\\\/www.ebihoreanul.ro\\\/stiri\\\/la-o-cafea-ce-au-spus-medici-apreciai-din-oradea-ca-dnu-dejeu-alin-blaga-i-hadrian-borcea-alturi-de-invitatul-special-raed-arafat-despre-ncrederea-n-sistem-i-dr-google-191476.html\",\"link_text\":\"www.bihoreanul.ro\",\"meta\":\"18 uaniarie, 2025\",\"title\":\"La o cafea cu medicul\"}},{\"type\":\"grid_item\",\"props\":{\"content\":\"\n\n<p><span>\\u201ePostura ta din postura noastr\\u0103\\u201d este numele campaniei derulate de Asocia\\u021bia \\u201eHelp &amp; Care\\u201d pentru evaluarea diformit\\u0103\\u021bilor posturale la copiii cu v\\u00e2rsta cuprins\\u0103 \\u00eentre 8-16 ani.<\\\/span><\\\/p>\",\"link\":\"https:\\\/\\\/www.bihon.ro\\\/stirile-judetului-bihor\\\/screening-gratuit-pentru-copii-si-adolescenti-in-oradea-4301326\\\/\",\"link_text\":\"www.bihon.ro\",\"meta\":\"26 mai, 2023\",\"title\":\"Screening gratuit pentru copii \\u0219i adolescen\\u021bi, \\u00een Oradea\"}},{\"type\":\"grid_item\",\"props\":{\"content\":\"Angaja\\u0163ii Prim\\u0103riei Oradea \\u015fi vizitatorii bufetului de aici au avut, ieri, o zi dulce. \\\"Cake Day\\\" este un eveniment caritabil care se afl\\u0103 la al optulea s\\u0103u an de desf\\u0103\\u015furare \\u015fi \\u00een urma c\\u0103ruia vor fi ajuta\\u0163i cei 150 de v\\u00e2rstnici de la Centrul din Dumbrava.\",\"link\":\"https:\\\/\\\/www.crisana.ro\\\/stiri\\\/social-9\\\/o-zi-dulce-la-bufetul-primariei-prajituri-in-scop-caritabil-10735.html\",\"link_text\":\"www.crisana.ro\",\"meta\":\"04 decembrie, 2014\",\"title\":\"O zi dulce la bufetul Prim\\u0103riei - Pr\\u0103jituri \\u00een scop caritabil\"}},{\"type\":\"grid_item\",\"props\":{\"content\":\"\\\"S\\u0103pt\\u0103m\\u00e2na viitoare, \\u00een dou\\u0103 zile \\u0219i \\u00een dou\\u0103 locuri diferite, or\\u0103denii c\\u0103rora le pas\\u0103 de concet\\u0103\\u021benii lor n\\u0103p\\u0103stui\\u021bi vor avea \\u00eenc\\u0103 o modalitate de a ajuta. Asociatia Help & Care \\u0219i Asocia\\u021bia Studen\\u021bilor Medicini\\u0219ti din Oradea sun\\u0103 adunarea pentru a 10-a edi\\u021bie a Cake Day.\\\"\",\"link\":\"http:\\\/\\\/bihorstiri.ro\\\/un-gest-dulce-de-doua-ori-cake-day-la-oradea\\\/\",\"link_text\":\"www. bihorstiri.ro\",\"meta\":\"07 iulie, 2013\",\"title\":\"Un gest dulce de dou\\u0103 ori: Cake Day la Oradea!\"}}]},{\"type\":\"grid\",\"props\":{\"content_column_breakpoint\":\"m\",\"content_style\":\"text-meta\",\"filter_align\":\"left\",\"filter_all\":true,\"filter_grid_breakpoint\":\"m\",\"filter_grid_width\":\"auto\",\"filter_position\":\"top\",\"filter_style\":\"tab\",\"grid_default\":\"1\",\"grid_medium\":\"\",\"icon_width\":80,\"image_align\":\"top\",\"image_grid_breakpoint\":\"m\",\"image_grid_width\":\"1-2\",\"image_svg_color\":\"emphasis\",\"item_animation\":true,\"lightbox_bg_close\":true,\"link_style\":\"text\",\"link_target\":true,\"link_text\":\"Read more\",\"margin\":\"default\",\"meta_align\":\"below-title\",\"meta_color\":\"muted\",\"meta_element\":\"div\",\"meta_margin\":\"remove\",\"meta_style\":\"\",\"parallax_easing\":\"1\",\"show_content\":true,\"show_hover_image\":true,\"show_hover_video\":true,\"show_image\":true,\"show_link\":true,\"show_meta\":true,\"show_title\":true,\"show_video\":true,\"title_align\":\"left\",\"title_element\":\"h4\",\"title_grid_breakpoint\":\"m\",\"title_grid_width\":\"1-2\",\"title_hover_style\":\"reset\",\"title_style\":\"h4\"},\"children\":[{\"type\":\"grid_item\",\"props\":{\"content\":\"Pr\\u0103jituri de cas\\u0103 \\u00een scop caritabil. Studen\\u0163ii Facult\\u0103\\u0163ii de Medicin\\u0103 din Oradea, membri ai asocia\\u0163iei Help&Care, au preg\\u0103tit dulciuri de cas\\u0103 pe care le-au scos la v\\u00e2nzare, la cantina Prim\\u0103riei din Oradea.\",\"link\":\"https:\\\/\\\/adevarul.ro\\\/stiri-locale\\\/oradea\\\/foto-prajituri-de-casa-pentru-oamenii-fara-casa-1529153.html\",\"link_text\":\"www.adevarul.ro\",\"meta\":\"15 aprilie, 2014 \",\"title\":\"Pr\\u0103jituri de cas\\u0103 pentru oamenii f\\u0103r\\u0103 cas\\u0103.\"}}]}]}]}]}],\"version\":\"4.5.24\"} --><\/p>\n","protected":false},"excerpt":{"rendered":"<p>Ne pun pe picioare! Un ortoped \u0219i dou\u0103 kinetoterapeute \u00eei ajut\u0103 benevol pe or\u0103deni s\u0103 r\u0103m\u00e2n\u0103 s\u0103n\u0103to\u0219i \u0219i mobili 18 iulie, 2025 \u00cen urm\u0103 cu peste un deceniu, un medic rezident \u0219i mai mul\u021bi studen\u021bi medicini\u0219ti f\u0103ceau gesturi de caritate, cump\u0103r\u00e2nd alimente pentru cei mai s\u0103rmani. \u00cei m\u00e2na doar dorin\u021ba de a face bine \u0219i [&hellip;]<\/p>\n","protected":false},"author":2,"featured_media":0,"parent":0,"menu_order":0,"comment_status":"closed","ping_status":"closed","template":"","meta":{"footnotes":""},"class_list":["post-74","page","type-page","status-publish","hentry"],"_links":{"self":[{"href":"https:\/\/helpandcare.ro\/hu\/wp-json\/wp\/v2\/pages\/74","targetHints":{"allow":["GET"]}}],"collection":[{"href":"https:\/\/helpandcare.ro\/hu\/wp-json\/wp\/v2\/pages"}],"about":[{"href":"https:\/\/helpandcare.ro\/hu\/wp-json\/wp\/v2\/types\/page"}],"author":[{"embeddable":true,"href":"https:\/\/helpandcare.ro\/hu\/wp-json\/wp\/v2\/users\/2"}],"replies":[{"embeddable":true,"href":"https:\/\/helpandcare.ro\/hu\/wp-json\/wp\/v2\/comments?post=74"}],"version-history":[{"count":3,"href":"https:\/\/helpandcare.ro\/hu\/wp-json\/wp\/v2\/pages\/74\/revisions"}],"predecessor-version":[{"id":596,"href":"https:\/\/helpandcare.ro\/hu\/wp-json\/wp\/v2\/pages\/74\/revisions\/596"}],"wp:attachment":[{"href":"https:\/\/helpandcare.ro\/hu\/wp-json\/wp\/v2\/media?parent=74"}],"curies":[{"name":"munkaf\u00fczet","href":"https:\/\/api.w.org\/{rel}","templated":true}]}}